{"id":250,"date":"2024-01-03T04:39:09","date_gmt":"2024-01-03T04:39:09","guid":{"rendered":"https:\/\/salamshopping.com\/?post_type=product&#038;p=250"},"modified":"2024-01-03T04:54:26","modified_gmt":"2024-01-03T04:54:26","slug":"detecteur-de-camera-cachee-anti-espion-bug-rf-car-gps-tracking-finder-scanner-alarm","status":"publish","type":"product","link":"https:\/\/salamshopping.com\/index.php\/product\/detecteur-de-camera-cachee-anti-espion-bug-rf-car-gps-tracking-finder-scanner-alarm\/","title":{"rendered":"D\u00e9tecteur de Cam\u00e9ra Cach\u00e9e Anti Espion Bug RF Car GPS tracking Finder Scanner Alarm"},"content":{"rendered":"<h1><strong>\u0643\u0627\u0634\u0641 \u0627\u0644\u0643\u0627\u0645\u064a\u0631\u0627 \u0627\u0644\u062e\u0641\u064a\u0629 \u0648 \u0645\u0643\u0627\u0641\u062d\u0629 \u0627\u0644\u062a\u062c\u0633\u0633\u060c \u0643\u0627\u0634\u0641 \u0648 \u0645\u0627\u0633\u062d \u0636\u0648\u0626\u064a \u0628\u0627\u0644\u0625\u0646\u0630\u0627\u0631<\/strong><\/h1>\n<p><img fetchpriority=\"high\" decoding=\"async\" class=\" wp-image-254 aligncenter\" src=\"http:\/\/salamshopping.com\/wp-content\/uploads\/2024\/01\/s-l1600-3-300x300.jpg\" alt=\"\" width=\"486\" height=\"486\" srcset=\"https:\/\/salamshopping.com\/wp-content\/uploads\/2024\/01\/s-l1600-3-300x300.jpg 300w, https:\/\/salamshopping.com\/wp-content\/uploads\/2024\/01\/s-l1600-3-1024x1024.jpg 1024w, https:\/\/salamshopping.com\/wp-content\/uploads\/2024\/01\/s-l1600-3-150x150.jpg 150w, https:\/\/salamshopping.com\/wp-content\/uploads\/2024\/01\/s-l1600-3-768x768.jpg 768w, https:\/\/salamshopping.com\/wp-content\/uploads\/2024\/01\/s-l1600-3-630x630.jpg 630w, https:\/\/salamshopping.com\/wp-content\/uploads\/2024\/01\/s-l1600-3-90x90.jpg 90w, https:\/\/salamshopping.com\/wp-content\/uploads\/2024\/01\/s-l1600-3-100x100.jpg 100w, https:\/\/salamshopping.com\/wp-content\/uploads\/2024\/01\/s-l1600-3-690x690.jpg 690w, https:\/\/salamshopping.com\/wp-content\/uploads\/2024\/01\/s-l1600-3-160x160.jpg 160w, https:\/\/salamshopping.com\/wp-content\/uploads\/2024\/01\/s-l1600-3.jpg 1200w\" sizes=\"(max-width: 486px) 100vw, 486px\" \/><\/p>\n<p><img decoding=\"async\" class=\" wp-image-253 aligncenter\" src=\"http:\/\/salamshopping.com\/wp-content\/uploads\/2024\/01\/s-l1600-300x300.jpg\" alt=\"\" width=\"478\" height=\"478\" srcset=\"https:\/\/salamshopping.com\/wp-content\/uploads\/2024\/01\/s-l1600-300x300.jpg 300w, https:\/\/salamshopping.com\/wp-content\/uploads\/2024\/01\/s-l1600-1024x1024.jpg 1024w, https:\/\/salamshopping.com\/wp-content\/uploads\/2024\/01\/s-l1600-150x150.jpg 150w, https:\/\/salamshopping.com\/wp-content\/uploads\/2024\/01\/s-l1600-768x768.jpg 768w, https:\/\/salamshopping.com\/wp-content\/uploads\/2024\/01\/s-l1600-630x630.jpg 630w, https:\/\/salamshopping.com\/wp-content\/uploads\/2024\/01\/s-l1600-90x90.jpg 90w, https:\/\/salamshopping.com\/wp-content\/uploads\/2024\/01\/s-l1600-100x100.jpg 100w, https:\/\/salamshopping.com\/wp-content\/uploads\/2024\/01\/s-l1600-690x690.jpg 690w, https:\/\/salamshopping.com\/wp-content\/uploads\/2024\/01\/s-l1600-160x160.jpg 160w, https:\/\/salamshopping.com\/wp-content\/uploads\/2024\/01\/s-l1600.jpg 1200w\" sizes=\"(max-width: 478px) 100vw, 478px\" \/><\/p>\n<p><img decoding=\"async\" class=\" wp-image-252 aligncenter\" src=\"http:\/\/salamshopping.com\/wp-content\/uploads\/2024\/01\/s-l1600-2-300x300.jpg\" alt=\"\" width=\"482\" height=\"482\" srcset=\"https:\/\/salamshopping.com\/wp-content\/uploads\/2024\/01\/s-l1600-2-300x300.jpg 300w, https:\/\/salamshopping.com\/wp-content\/uploads\/2024\/01\/s-l1600-2-1024x1024.jpg 1024w, https:\/\/salamshopping.com\/wp-content\/uploads\/2024\/01\/s-l1600-2-150x150.jpg 150w, https:\/\/salamshopping.com\/wp-content\/uploads\/2024\/01\/s-l1600-2-768x768.jpg 768w, https:\/\/salamshopping.com\/wp-content\/uploads\/2024\/01\/s-l1600-2-630x630.jpg 630w, https:\/\/salamshopping.com\/wp-content\/uploads\/2024\/01\/s-l1600-2-90x90.jpg 90w, https:\/\/salamshopping.com\/wp-content\/uploads\/2024\/01\/s-l1600-2-100x100.jpg 100w, https:\/\/salamshopping.com\/wp-content\/uploads\/2024\/01\/s-l1600-2-690x690.jpg 690w, https:\/\/salamshopping.com\/wp-content\/uploads\/2024\/01\/s-l1600-2-160x160.jpg 160w, https:\/\/salamshopping.com\/wp-content\/uploads\/2024\/01\/s-l1600-2.jpg 1200w\" sizes=\"(max-width: 482px) 100vw, 482px\" \/><\/p>\n<p><img loading=\"lazy\" decoding=\"async\" class=\" wp-image-257 aligncenter\" src=\"http:\/\/salamshopping.com\/wp-content\/uploads\/2024\/01\/Screenshot-2023-12-25-at-10.07.51-PM-298x300.png\" alt=\"\" width=\"454\" height=\"457\" srcset=\"https:\/\/salamshopping.com\/wp-content\/uploads\/2024\/01\/Screenshot-2023-12-25-at-10.07.51-PM-298x300.png 298w, https:\/\/salamshopping.com\/wp-content\/uploads\/2024\/01\/Screenshot-2023-12-25-at-10.07.51-PM-1016x1024.png 1016w, https:\/\/salamshopping.com\/wp-content\/uploads\/2024\/01\/Screenshot-2023-12-25-at-10.07.51-PM-150x150.png 150w, https:\/\/salamshopping.com\/wp-content\/uploads\/2024\/01\/Screenshot-2023-12-25-at-10.07.51-PM-768x774.png 768w, https:\/\/salamshopping.com\/wp-content\/uploads\/2024\/01\/Screenshot-2023-12-25-at-10.07.51-PM-90x90.png 90w, https:\/\/salamshopping.com\/wp-content\/uploads\/2024\/01\/Screenshot-2023-12-25-at-10.07.51-PM-100x100.png 100w, https:\/\/salamshopping.com\/wp-content\/uploads\/2024\/01\/Screenshot-2023-12-25-at-10.07.51-PM-690x695.png 690w, https:\/\/salamshopping.com\/wp-content\/uploads\/2024\/01\/Screenshot-2023-12-25-at-10.07.51-PM-160x160.png 160w, https:\/\/salamshopping.com\/wp-content\/uploads\/2024\/01\/Screenshot-2023-12-25-at-10.07.51-PM.png 1066w\" sizes=\"(max-width: 454px) 100vw, 454px\" \/><\/p>\n","protected":false},"excerpt":{"rendered":"<p>\u0643\u0627\u0634\u0641 \u0627\u0644\u0643\u0627\u0645\u064a\u0631\u0627 \u0627\u0644\u062e\u0641\u064a\u0629 \u0648 \u0645\u0643\u0627\u0641\u062d\u0629 \u0627\u0644\u062a\u062c\u0633\u0633\u060c \u0643\u0627\u0634\u0641 \u0648 \u0645\u0627\u0633\u062d \u0636\u0648\u0626\u064a \u0628\u0627\u0644\u0625\u0646\u0630\u0627\u0631<\/p>\n","protected":false},"featured_media":251,"template":"","meta":{"om_disable_all_campaigns":false},"product_brand":[],"product_cat":[15],"product_tag":[],"class_list":{"0":"post-250","1":"product","2":"type-product","3":"status-publish","4":"has-post-thumbnail","6":"product_cat-uncategorized","8":"first","9":"instock","10":"sale","11":"taxable","12":"shipping-taxable","13":"purchasable","14":"product-type-simple"},"aioseo_notices":[],"jetpack_sharing_enabled":true,"_links":{"self":[{"href":"https:\/\/salamshopping.com\/index.php\/wp-json\/wp\/v2\/product\/250","targetHints":{"allow":["GET"]}}],"collection":[{"href":"https:\/\/salamshopping.com\/index.php\/wp-json\/wp\/v2\/product"}],"about":[{"href":"https:\/\/salamshopping.com\/index.php\/wp-json\/wp\/v2\/types\/product"}],"version-history":[{"count":1,"href":"https:\/\/salamshopping.com\/index.php\/wp-json\/wp\/v2\/product\/250\/revisions"}],"predecessor-version":[{"id":262,"href":"https:\/\/salamshopping.com\/index.php\/wp-json\/wp\/v2\/product\/250\/revisions\/262"}],"wp:featuredmedia":[{"embeddable":true,"href":"https:\/\/salamshopping.com\/index.php\/wp-json\/wp\/v2\/media\/251"}],"wp:attachment":[{"href":"https:\/\/salamshopping.com\/index.php\/wp-json\/wp\/v2\/media?parent=250"}],"wp:term":[{"taxonomy":"product_brand","embeddable":true,"href":"https:\/\/salamshopping.com\/index.php\/wp-json\/wp\/v2\/product_brand?post=250"},{"taxonomy":"product_cat","embeddable":true,"href":"https:\/\/salamshopping.com\/index.php\/wp-json\/wp\/v2\/product_cat?post=250"},{"taxonomy":"product_tag","embeddable":true,"href":"https:\/\/salamshopping.com\/index.php\/wp-json\/wp\/v2\/product_tag?post=250"}],"curies":[{"name":"wp","href":"https:\/\/api.w.org\/{rel}","templated":true}]}}