{"id":2164,"date":"2025-03-09T03:18:17","date_gmt":"2025-03-09T03:18:17","guid":{"rendered":"https:\/\/salamshopping.com\/?post_type=product&#038;p=2164"},"modified":"2025-03-09T03:20:23","modified_gmt":"2025-03-09T03:20:23","slug":"robot-thermomix-taurus-multifonction-intelligent","status":"publish","type":"product","link":"https:\/\/salamshopping.com\/index.php\/product\/robot-thermomix-taurus-multifonction-intelligent\/","title":{"rendered":"Robot thermomix taurus multifonction intelligent"},"content":{"rendered":"<h2 dir=\"rtl\" style=\"text-align: center;\" data-placeholder=\"Translation\" data-ved=\"2ahUKEwiV5YCj3tSBAxW9VKQEHTJ8DfMQ3ewLegQICRAQ\"><span style=\"color: #008000;\"><strong>\u00a0\u0627\u0644\u0633\u0639\u0631: <\/strong><strong>13 \u0645\u0644\u064a\u0648\u0646 \u0648 \u062b\u0645\u0627\u0646\u0645\u0627\u0626\u0629<\/strong>\u00a0 \u00a0<\/span><\/h2>\n<h3 id=\"tw-target-text\" class=\"tw-data-text tw-text-large tw-ta\" dir=\"rtl\" data-placeholder=\"Translation\" data-ved=\"2ahUKEwiV5YCj3tSBAxW9VKQEHTJ8DfMQ3ewLegQICRAQ\"><img fetchpriority=\"high\" decoding=\"async\" class=\" wp-image-2146 aligncenter\" src=\"http:\/\/firedz.shop\/wp-content\/uploads\/2023\/10\/\u0636\u0645\u0627\u0646-\u0627\u0644\u0645\u0646\u062a\u062c-\u0644\u0645\u062f\u0629-\u0633\u0646\u062a\u064a\u0646-500-x-250-px-300x150.png\" alt=\"\" width=\"338\" height=\"169\" \/><\/h3>\n<h3 class=\"tw-data-text tw-text-large tw-ta\" dir=\"rtl\" style=\"text-align: center;\" data-placeholder=\"Translation\" data-ved=\"2ahUKEwiV5YCj3tSBAxW9VKQEHTJ8DfMQ3ewLegQICRAQ\"><span class=\"Y2IQFc\" lang=\"ar\"><strong>\u0622\u0644\u0629 \u0627\u0644\u0637\u0628\u062e \u0627\u0644\u0627\u0648\u062a\u0648\u0645\u0627\u062a\u064a\u0643\u064a\u0629 \u0627\u0644\u0622\u0644\u064a\u0629 \u0627\u0644\u0645\u0632\u0648\u062f\u0629 \u0628\u0627\u0644\u062a\u0642\u0646\u064a\u0627\u062a \u0627\u0644\u0630\u0643\u064a\u0629<\/strong><\/span><\/h3>\n<h3 class=\"tw-data-text tw-text-large tw-ta\" dir=\"rtl\" data-placeholder=\"Translation\" data-ved=\"2ahUKEwiV5YCj3tSBAxW9VKQEHTJ8DfMQ3ewLegQICRAQ\"><img decoding=\"async\" class=\" wp-image-2165 aligncenter\" src=\"http:\/\/salamshopping.com\/wp-content\/uploads\/2025\/03\/4_3-300x300.webp\" alt=\"\" width=\"346\" height=\"346\" srcset=\"https:\/\/salamshopping.com\/wp-content\/uploads\/2025\/03\/4_3-300x300.webp 300w, https:\/\/salamshopping.com\/wp-content\/uploads\/2025\/03\/4_3-1024x1024.webp 1024w, https:\/\/salamshopping.com\/wp-content\/uploads\/2025\/03\/4_3-150x150.webp 150w, https:\/\/salamshopping.com\/wp-content\/uploads\/2025\/03\/4_3-768x768.webp 768w, https:\/\/salamshopping.com\/wp-content\/uploads\/2025\/03\/4_3-1536x1536.webp 1536w, https:\/\/salamshopping.com\/wp-content\/uploads\/2025\/03\/4_3-2048x2048.webp 2048w, https:\/\/salamshopping.com\/wp-content\/uploads\/2025\/03\/4_3-630x630.webp 630w, https:\/\/salamshopping.com\/wp-content\/uploads\/2025\/03\/4_3-90x90.webp 90w, https:\/\/salamshopping.com\/wp-content\/uploads\/2025\/03\/4_3-100x100.webp 100w, https:\/\/salamshopping.com\/wp-content\/uploads\/2025\/03\/4_3-690x690.webp 690w, https:\/\/salamshopping.com\/wp-content\/uploads\/2025\/03\/4_3-160x160.webp 160w\" sizes=\"(max-width: 346px) 100vw, 346px\" \/><\/h3>\n<p>&nbsp;<\/p>\n<h3 class=\"tw-data-text tw-text-large tw-ta\" dir=\"rtl\" style=\"text-align: center;\" data-placeholder=\"Translation\" data-ved=\"2ahUKEwiV5YCj3tSBAxW9VKQEHTJ8DfMQ3ewLegQICRAQ\"><span class=\"Y2IQFc\" lang=\"ar\"><strong>\u0627\u062a\u0635\u0627\u0644 Wi-Fi \u0645\u0645\u0627 \u064a\u062a\u064a\u062d \u0644\u0643 \u0627\u0644\u062a\u0641\u0627\u0639\u0644 \u0645\u0639 \u0647\u0627\u062a\u0641\u0643 \u0627\u0644\u0630\u0643\u064a \u0623\u0648 \u062c\u0647\u0627\u0632\u0643 \u0627\u0644\u0644\u0648\u062d\u064a.<\/strong><\/span><\/h3>\n<p><img decoding=\"async\" class=\"size-medium wp-image-2166 alignright\" src=\"http:\/\/salamshopping.com\/wp-content\/uploads\/2025\/03\/Capture-decran-2018-11-30-a-13.26.04-227x300.png\" alt=\"\" width=\"227\" height=\"300\" srcset=\"https:\/\/salamshopping.com\/wp-content\/uploads\/2025\/03\/Capture-decran-2018-11-30-a-13.26.04-227x300.png 227w, https:\/\/salamshopping.com\/wp-content\/uploads\/2025\/03\/Capture-decran-2018-11-30-a-13.26.04.png 491w\" sizes=\"(max-width: 227px) 100vw, 227px\" \/><\/p>\n<p>&nbsp;<\/p>\n<ul>\n<li>\n<h4><strong>Fonctions sp\u00e9ciales: <\/strong><\/h4>\n<\/li>\n<li>\n<h5>Balance, saut\u00e9, p\u00e9trissage et turbo<\/h5>\n<\/li>\n<li>\n<h5>\u00c9cran tactile de 7 pouces<\/h5>\n<\/li>\n<li>\n<h5>Connexion Wi-Fi int\u00e9gr\u00e9e<\/h5>\n<\/li>\n<li>\n<h5>&#8220;Cloud&#8221; qui permet la connectivit\u00e9 et l&#8217;op\u00e9rabilit\u00e9 multi-appareils<\/h5>\n<\/li>\n<\/ul>\n<p>&nbsp;<\/p>\n<h3 class=\"tw-data-text tw-text-large tw-ta\" dir=\"rtl\" style=\"text-align: center;\" data-placeholder=\"Translation\" data-ved=\"2ahUKEwiV5YCj3tSBAxW9VKQEHTJ8DfMQ3ewLegQICRAQ\"><span class=\"Y2IQFc\" lang=\"ar\"><strong>\u0634\u0627\u0634\u0629 \u062a\u0639\u0645\u0644 \u0628\u0627\u0644\u0644\u0645\u0633 \u0642\u0627\u0628\u0644\u0629 \u0644\u0644\u062a\u062e\u0635\u064a\u0635 \u0628\u0646\u0633\u0628\u0629 100%<\/strong><\/span><\/h3>\n<h3 class=\"tw-data-text tw-text-large tw-ta\" dir=\"rtl\" style=\"text-align: center;\" data-placeholder=\"Translation\" data-ved=\"2ahUKEwiV5YCj3tSBAxW9VKQEHTJ8DfMQ3ewLegQICRAQ\"><img loading=\"lazy\" decoding=\"async\" class=\" wp-image-2167 aligncenter\" src=\"http:\/\/salamshopping.com\/wp-content\/uploads\/2025\/03\/7_3-300x300.webp\" alt=\"\" width=\"370\" height=\"370\" srcset=\"https:\/\/salamshopping.com\/wp-content\/uploads\/2025\/03\/7_3-300x300.webp 300w, https:\/\/salamshopping.com\/wp-content\/uploads\/2025\/03\/7_3-1024x1024.webp 1024w, https:\/\/salamshopping.com\/wp-content\/uploads\/2025\/03\/7_3-150x150.webp 150w, https:\/\/salamshopping.com\/wp-content\/uploads\/2025\/03\/7_3-768x768.webp 768w, https:\/\/salamshopping.com\/wp-content\/uploads\/2025\/03\/7_3-1536x1536.webp 1536w, https:\/\/salamshopping.com\/wp-content\/uploads\/2025\/03\/7_3-2048x2048.webp 2048w, https:\/\/salamshopping.com\/wp-content\/uploads\/2025\/03\/7_3-630x630.webp 630w, https:\/\/salamshopping.com\/wp-content\/uploads\/2025\/03\/7_3-90x90.webp 90w, https:\/\/salamshopping.com\/wp-content\/uploads\/2025\/03\/7_3-100x100.webp 100w, https:\/\/salamshopping.com\/wp-content\/uploads\/2025\/03\/7_3-690x690.webp 690w, https:\/\/salamshopping.com\/wp-content\/uploads\/2025\/03\/7_3-160x160.webp 160w\" sizes=\"(max-width: 370px) 100vw, 370px\" \/><\/h3>\n<ul>\n<li>Connexion multi-appareils. Se connecte \u00e0 votre tablette et smartphone<\/li>\n<li>2 modes de cuisson : manuel et guid\u00e9<\/li>\n<li>Recettes illimit\u00e9es et gratuites<\/li>\n<\/ul>\n<h3 class=\"tw-data-text tw-text-large tw-ta\" dir=\"rtl\" style=\"text-align: center;\" data-placeholder=\"Translation\" data-ved=\"2ahUKEwiV5YCj3tSBAxW9VKQEHTJ8DfMQ3ewLegQICRAQ\"><img loading=\"lazy\" decoding=\"async\" class=\"alignnone wp-image-2168\" src=\"http:\/\/salamshopping.com\/wp-content\/uploads\/2025\/03\/Brown-Green-Terracotta-Minimal-Social-Media-Mockup-Instagram-Post-scaled-e1741489600544-289x300.jpg\" alt=\"\" width=\"367\" height=\"381\" srcset=\"https:\/\/salamshopping.com\/wp-content\/uploads\/2025\/03\/Brown-Green-Terracotta-Minimal-Social-Media-Mockup-Instagram-Post-scaled-e1741489600544-289x300.jpg 289w, https:\/\/salamshopping.com\/wp-content\/uploads\/2025\/03\/Brown-Green-Terracotta-Minimal-Social-Media-Mockup-Instagram-Post-scaled-e1741489600544-985x1024.jpg 985w, https:\/\/salamshopping.com\/wp-content\/uploads\/2025\/03\/Brown-Green-Terracotta-Minimal-Social-Media-Mockup-Instagram-Post-scaled-e1741489600544-768x798.jpg 768w, https:\/\/salamshopping.com\/wp-content\/uploads\/2025\/03\/Brown-Green-Terracotta-Minimal-Social-Media-Mockup-Instagram-Post-scaled-e1741489600544-1478x1536.jpg 1478w, https:\/\/salamshopping.com\/wp-content\/uploads\/2025\/03\/Brown-Green-Terracotta-Minimal-Social-Media-Mockup-Instagram-Post-scaled-e1741489600544-1970x2048.jpg 1970w, https:\/\/salamshopping.com\/wp-content\/uploads\/2025\/03\/Brown-Green-Terracotta-Minimal-Social-Media-Mockup-Instagram-Post-scaled-e1741489600544-690x717.jpg 690w, https:\/\/salamshopping.com\/wp-content\/uploads\/2025\/03\/Brown-Green-Terracotta-Minimal-Social-Media-Mockup-Instagram-Post-scaled-e1741489600544.jpg 2048w\" sizes=\"(max-width: 367px) 100vw, 367px\" \/><\/h3>\n<h3 class=\"tw-data-text tw-text-large tw-ta\" dir=\"rtl\" style=\"text-align: center;\" data-placeholder=\"Translation\" data-ved=\"2ahUKEwiV5YCj3tSBAxW9VKQEHTJ8DfMQ3ewLegQICRAQ\"><span class=\"Y2IQFc\" lang=\"ar\"><strong>\u0625\u0645\u0643\u0627\u0646\u064a\u0629 \u0627\u0644\u0648\u0635\u0648\u0644 \u0625\u0644\u0649 \u0639\u062f\u062f \u063a\u064a\u0631 \u0645\u062d\u062f\u0648\u062f \u0645\u0646 \u0627\u0644\u0648\u0635\u0641\u0627\u062a \u0645\u0639 \u0645\u064a\u0632\u0629 \u0627\u0644\u0648\u0636\u0639 \u0627\u0644\u064a\u062f\u0648\u064a \u0648 \u0627\u0644\u0627\u0648\u062a\u0648\u0645\u0627\u062a\u064a\u0643\u064a\u060c \u0648\u0627\u0633\u062a\u0639\u0645\u0627\u0644 \u0628\u0631\u0646\u0627\u0645\u062c \u0627\u0644\u0648\u0635\u0641\u0627\u062a \u0627\u0644\u062c\u0627\u0647\u0632\u0629 \u0648 \u0627\u0644\u0645\u0648\u062c\u0647\u0629.<\/strong><\/span><\/h3>\n<p><img loading=\"lazy\" decoding=\"async\" class=\" wp-image-2169 aligncenter\" src=\"http:\/\/salamshopping.com\/wp-content\/uploads\/2025\/03\/Screenshot-2023-10-01-at-12.17.07-PM-263x300.png\" alt=\"\" width=\"367\" height=\"418\" srcset=\"https:\/\/salamshopping.com\/wp-content\/uploads\/2025\/03\/Screenshot-2023-10-01-at-12.17.07-PM-263x300.png 263w, https:\/\/salamshopping.com\/wp-content\/uploads\/2025\/03\/Screenshot-2023-10-01-at-12.17.07-PM-690x787.png 690w, https:\/\/salamshopping.com\/wp-content\/uploads\/2025\/03\/Screenshot-2023-10-01-at-12.17.07-PM.png 700w\" sizes=\"(max-width: 367px) 100vw, 367px\" \/><\/p>\n<ul>\n<li>Tri des recettes et filtres de recherche avanc\u00e9s<\/li>\n<li>Club Mycook<\/li>\n<li>Robot cuiseur intelligent multifonction<\/li>\n<li>Induction Technology: Cuisson par induction<\/li>\n<li>Temperatura m\u0087xima de 140\u00ba<\/li>\n<\/ul>\n<p><img loading=\"lazy\" decoding=\"async\" class=\" wp-image-2170 aligncenter\" src=\"http:\/\/salamshopping.com\/wp-content\/uploads\/2025\/03\/macro-touch-shop-3-300x300.webp\" alt=\"\" width=\"376\" height=\"376\" srcset=\"https:\/\/salamshopping.com\/wp-content\/uploads\/2025\/03\/macro-touch-shop-3-300x300.webp 300w, https:\/\/salamshopping.com\/wp-content\/uploads\/2025\/03\/macro-touch-shop-3-150x150.webp 150w, https:\/\/salamshopping.com\/wp-content\/uploads\/2025\/03\/macro-touch-shop-3-768x768.webp 768w, https:\/\/salamshopping.com\/wp-content\/uploads\/2025\/03\/macro-touch-shop-3-630x630.webp 630w, https:\/\/salamshopping.com\/wp-content\/uploads\/2025\/03\/macro-touch-shop-3-90x90.webp 90w, https:\/\/salamshopping.com\/wp-content\/uploads\/2025\/03\/macro-touch-shop-3-100x100.webp 100w, https:\/\/salamshopping.com\/wp-content\/uploads\/2025\/03\/macro-touch-shop-3-690x690.webp 690w, https:\/\/salamshopping.com\/wp-content\/uploads\/2025\/03\/macro-touch-shop-3-160x160.webp 160w, https:\/\/salamshopping.com\/wp-content\/uploads\/2025\/03\/macro-touch-shop-3.webp 1000w\" sizes=\"(max-width: 376px) 100vw, 376px\" \/><\/p>\n<p>&nbsp;<\/p>\n","protected":false},"excerpt":{"rendered":"<p>\u00a0\u0627\u0644\u0633\u0639\u0631: 13 \u0645\u0644\u064a\u0648\u0646 \u0648 \u062b\u0645\u0627\u0646\u0645\u0627\u0626\u0629\u00a0 \u00a0 \u0622\u0644\u0629 \u0627\u0644\u0637\u0628\u062e \u0627\u0644\u0627\u0648\u062a\u0648\u0645\u0627\u062a\u064a\u0643\u064a\u0629 \u0627\u0644\u0622\u0644\u064a\u0629 \u0627\u0644\u0645\u0632\u0648\u062f\u0629 \u0628\u0627\u0644\u062a\u0642\u0646\u064a\u0627\u062a \u0627\u0644\u0630\u0643\u064a\u0629 &nbsp; \u0627\u062a\u0635\u0627\u0644 Wi-Fi \u0645\u0645\u0627 \u064a\u062a\u064a\u062d \u0644\u0643 \u0627\u0644\u062a\u0641\u0627\u0639\u0644 \u0645\u0639 \u0647\u0627\u062a\u0641\u0643 \u0627\u0644\u0630\u0643\u064a \u0623\u0648 \u062c\u0647\u0627\u0632\u0643 \u0627\u0644\u0644\u0648\u062d\u064a. &nbsp; Fonctions sp\u00e9ciales: Balance, saut\u00e9, p\u00e9trissage et turbo \u00c9cran tactile de 7 pouces Connexion Wi-Fi int\u00e9gr\u00e9e &#8220;Cloud&#8221; qui permet la connectivit\u00e9 et l&#8217;op\u00e9rabilit\u00e9 multi-appareils &nbsp; \u0634\u0627\u0634\u0629 \u062a\u0639\u0645\u0644 \u0628\u0627\u0644\u0644\u0645\u0633 \u0642\u0627\u0628\u0644\u0629 [&hellip;]<\/p>\n","protected":false},"featured_media":2171,"template":"","meta":{"om_disable_all_campaigns":false},"product_brand":[],"product_cat":[15],"product_tag":[],"class_list":{"0":"post-2164","1":"product","2":"type-product","3":"status-publish","4":"has-post-thumbnail","6":"product_cat-uncategorized","8":"first","9":"instock","10":"sale","11":"taxable","12":"shipping-taxable","13":"purchasable","14":"product-type-simple"},"aioseo_notices":[],"jetpack_sharing_enabled":true,"_links":{"self":[{"href":"https:\/\/salamshopping.com\/index.php\/wp-json\/wp\/v2\/product\/2164","targetHints":{"allow":["GET"]}}],"collection":[{"href":"https:\/\/salamshopping.com\/index.php\/wp-json\/wp\/v2\/product"}],"about":[{"href":"https:\/\/salamshopping.com\/index.php\/wp-json\/wp\/v2\/types\/product"}],"version-history":[{"count":2,"href":"https:\/\/salamshopping.com\/index.php\/wp-json\/wp\/v2\/product\/2164\/revisions"}],"predecessor-version":[{"id":2178,"href":"https:\/\/salamshopping.com\/index.php\/wp-json\/wp\/v2\/product\/2164\/revisions\/2178"}],"wp:featuredmedia":[{"embeddable":true,"href":"https:\/\/salamshopping.com\/index.php\/wp-json\/wp\/v2\/media\/2171"}],"wp:attachment":[{"href":"https:\/\/salamshopping.com\/index.php\/wp-json\/wp\/v2\/media?parent=2164"}],"wp:term":[{"taxonomy":"product_brand","embeddable":true,"href":"https:\/\/salamshopping.com\/index.php\/wp-json\/wp\/v2\/product_brand?post=2164"},{"taxonomy":"product_cat","embeddable":true,"href":"https:\/\/salamshopping.com\/index.php\/wp-json\/wp\/v2\/product_cat?post=2164"},{"taxonomy":"product_tag","embeddable":true,"href":"https:\/\/salamshopping.com\/index.php\/wp-json\/wp\/v2\/product_tag?post=2164"}],"curies":[{"name":"wp","href":"https:\/\/api.w.org\/{rel}","templated":true}]}}