{"id":1331,"date":"2024-06-17T11:58:02","date_gmt":"2024-06-17T10:58:02","guid":{"rendered":"https:\/\/salamshopping.com\/?post_type=product&#038;p=1331"},"modified":"2024-06-17T11:58:02","modified_gmt":"2024-06-17T10:58:02","slug":"cintre-de-vetement-central-pack-de-10","status":"publish","type":"product","link":"https:\/\/salamshopping.com\/index.php\/product\/cintre-de-vetement-central-pack-de-10\/","title":{"rendered":"Cintre de v\u00eatement Central, Pack de 10"},"content":{"rendered":"<h3><strong>Lib\u00e9rez de l&#8217;espace dans votre garde-robe avec notre ensemble de cintres innovant et robuste qui vous permet d&#8217;accrocher 10 v\u00eatements horizontalement et 5 verticalement, tout en \u00e9vitant d&#8217;endommager vos v\u00eatements<img fetchpriority=\"high\" decoding=\"async\" class=\" wp-image-1338 aligncenter\" src=\"http:\/\/salamshopping.com\/wp-content\/uploads\/2024\/06\/Screenshot-2024-06-17-at-11.05.39-AM-300x291.png\" alt=\"\" width=\"394\" height=\"382\" srcset=\"https:\/\/salamshopping.com\/wp-content\/uploads\/2024\/06\/Screenshot-2024-06-17-at-11.05.39-AM-300x291.png 300w, https:\/\/salamshopping.com\/wp-content\/uploads\/2024\/06\/Screenshot-2024-06-17-at-11.05.39-AM-768x745.png 768w, https:\/\/salamshopping.com\/wp-content\/uploads\/2024\/06\/Screenshot-2024-06-17-at-11.05.39-AM-690x670.png 690w, https:\/\/salamshopping.com\/wp-content\/uploads\/2024\/06\/Screenshot-2024-06-17-at-11.05.39-AM.png 808w\" sizes=\"(max-width: 394px) 100vw, 394px\" \/><\/strong><\/h3>\n<p><img decoding=\"async\" class=\" wp-image-1334 aligncenter\" src=\"http:\/\/salamshopping.com\/wp-content\/uploads\/2024\/06\/Screenshot-2024-06-17-at-11.04.49-AM-285x300.png\" alt=\"\" width=\"361\" height=\"380\" srcset=\"https:\/\/salamshopping.com\/wp-content\/uploads\/2024\/06\/Screenshot-2024-06-17-at-11.04.49-AM-285x300.png 285w, https:\/\/salamshopping.com\/wp-content\/uploads\/2024\/06\/Screenshot-2024-06-17-at-11.04.49-AM-690x726.png 690w, https:\/\/salamshopping.com\/wp-content\/uploads\/2024\/06\/Screenshot-2024-06-17-at-11.04.49-AM.png 734w\" sizes=\"(max-width: 361px) 100vw, 361px\" \/><\/p>\n<p><img decoding=\"async\" class=\" wp-image-1336 aligncenter\" src=\"http:\/\/salamshopping.com\/wp-content\/uploads\/2024\/06\/Screenshot-2024-06-17-at-11.05.17-AM-281x300.png\" alt=\"\" width=\"345\" height=\"368\" srcset=\"https:\/\/salamshopping.com\/wp-content\/uploads\/2024\/06\/Screenshot-2024-06-17-at-11.05.17-AM-281x300.png 281w, https:\/\/salamshopping.com\/wp-content\/uploads\/2024\/06\/Screenshot-2024-06-17-at-11.05.17-AM-690x735.png 690w, https:\/\/salamshopping.com\/wp-content\/uploads\/2024\/06\/Screenshot-2024-06-17-at-11.05.17-AM.png 760w\" sizes=\"(max-width: 345px) 100vw, 345px\" \/><\/p>\n","protected":false},"excerpt":{"rendered":"<p>Lib\u00e9rez de l&#8217;espace dans votre garde-robe avec notre ensemble de cintres innovant et robuste qui vous permet d&#8217;accrocher 10 v\u00eatements horizontalement et 5 verticalement, tout en \u00e9vitant d&#8217;endommager vos v\u00eatements<\/p>\n","protected":false},"featured_media":1340,"template":"","meta":{"om_disable_all_campaigns":false},"product_brand":[],"product_cat":[15],"product_tag":[],"class_list":{"0":"post-1331","1":"product","2":"type-product","3":"status-publish","4":"has-post-thumbnail","6":"product_cat-uncategorized","8":"first","9":"instock","10":"sale","11":"taxable","12":"shipping-taxable","13":"purchasable","14":"product-type-simple"},"aioseo_notices":[],"jetpack_sharing_enabled":true,"_links":{"self":[{"href":"https:\/\/salamshopping.com\/index.php\/wp-json\/wp\/v2\/product\/1331","targetHints":{"allow":["GET"]}}],"collection":[{"href":"https:\/\/salamshopping.com\/index.php\/wp-json\/wp\/v2\/product"}],"about":[{"href":"https:\/\/salamshopping.com\/index.php\/wp-json\/wp\/v2\/types\/product"}],"version-history":[{"count":1,"href":"https:\/\/salamshopping.com\/index.php\/wp-json\/wp\/v2\/product\/1331\/revisions"}],"predecessor-version":[{"id":1341,"href":"https:\/\/salamshopping.com\/index.php\/wp-json\/wp\/v2\/product\/1331\/revisions\/1341"}],"wp:featuredmedia":[{"embeddable":true,"href":"https:\/\/salamshopping.com\/index.php\/wp-json\/wp\/v2\/media\/1340"}],"wp:attachment":[{"href":"https:\/\/salamshopping.com\/index.php\/wp-json\/wp\/v2\/media?parent=1331"}],"wp:term":[{"taxonomy":"product_brand","embeddable":true,"href":"https:\/\/salamshopping.com\/index.php\/wp-json\/wp\/v2\/product_brand?post=1331"},{"taxonomy":"product_cat","embeddable":true,"href":"https:\/\/salamshopping.com\/index.php\/wp-json\/wp\/v2\/product_cat?post=1331"},{"taxonomy":"product_tag","embeddable":true,"href":"https:\/\/salamshopping.com\/index.php\/wp-json\/wp\/v2\/product_tag?post=1331"}],"curies":[{"name":"wp","href":"https:\/\/api.w.org\/{rel}","templated":true}]}}