{"id":1299,"date":"2024-05-21T11:46:25","date_gmt":"2024-05-21T10:46:25","guid":{"rendered":"https:\/\/salamshopping.com\/?post_type=product&#038;p=1299"},"modified":"2024-05-22T12:21:12","modified_gmt":"2024-05-22T11:21:12","slug":"box-musicale-tesla-bluetooth-boite-a-musique-haut-parleur-ac110-240v-120w-tension-generateur-darc-electrique","status":"publish","type":"product","link":"https:\/\/salamshopping.com\/index.php\/product\/box-musicale-tesla-bluetooth-boite-a-musique-haut-parleur-ac110-240v-120w-tension-generateur-darc-electrique\/","title":{"rendered":"Box musicale Tesla Bluetooth, bo\u00eete \u00e0 musique, haut-parleur AC110-240V 120W, tension, g\u00e9n\u00e9rateur d&#8217;arc \u00e9lectrique"},"content":{"rendered":"<p>&nbsp;<\/p>\n<p><img fetchpriority=\"high\" decoding=\"async\" class=\"wp-image-1302 aligncenter\" src=\"http:\/\/salamshopping.com\/wp-content\/uploads\/2024\/05\/714oxJ72oML._AC_UF8941000_QL80_-300x300.jpg\" alt=\"\" width=\"446\" height=\"446\" srcset=\"https:\/\/salamshopping.com\/wp-content\/uploads\/2024\/05\/714oxJ72oML._AC_UF8941000_QL80_-300x300.jpg 300w, https:\/\/salamshopping.com\/wp-content\/uploads\/2024\/05\/714oxJ72oML._AC_UF8941000_QL80_-150x150.jpg 150w, https:\/\/salamshopping.com\/wp-content\/uploads\/2024\/05\/714oxJ72oML._AC_UF8941000_QL80_-768x768.jpg 768w, https:\/\/salamshopping.com\/wp-content\/uploads\/2024\/05\/714oxJ72oML._AC_UF8941000_QL80_-630x630.jpg 630w, https:\/\/salamshopping.com\/wp-content\/uploads\/2024\/05\/714oxJ72oML._AC_UF8941000_QL80_-90x90.jpg 90w, https:\/\/salamshopping.com\/wp-content\/uploads\/2024\/05\/714oxJ72oML._AC_UF8941000_QL80_-100x100.jpg 100w, https:\/\/salamshopping.com\/wp-content\/uploads\/2024\/05\/714oxJ72oML._AC_UF8941000_QL80_-690x690.jpg 690w, https:\/\/salamshopping.com\/wp-content\/uploads\/2024\/05\/714oxJ72oML._AC_UF8941000_QL80_-160x160.jpg 160w, https:\/\/salamshopping.com\/wp-content\/uploads\/2024\/05\/714oxJ72oML._AC_UF8941000_QL80_.jpg 894w\" sizes=\"(max-width: 446px) 100vw, 446px\" \/><\/p>\n<p><img decoding=\"async\" class=\"wp-image-1301 aligncenter\" src=\"http:\/\/salamshopping.com\/wp-content\/uploads\/2024\/05\/71rKS8NXdtL-300x300.jpg\" alt=\"\" width=\"428\" height=\"428\" srcset=\"https:\/\/salamshopping.com\/wp-content\/uploads\/2024\/05\/71rKS8NXdtL-300x300.jpg 300w, https:\/\/salamshopping.com\/wp-content\/uploads\/2024\/05\/71rKS8NXdtL-1024x1024.jpg 1024w, https:\/\/salamshopping.com\/wp-content\/uploads\/2024\/05\/71rKS8NXdtL-150x150.jpg 150w, https:\/\/salamshopping.com\/wp-content\/uploads\/2024\/05\/71rKS8NXdtL-768x768.jpg 768w, https:\/\/salamshopping.com\/wp-content\/uploads\/2024\/05\/71rKS8NXdtL-630x630.jpg 630w, https:\/\/salamshopping.com\/wp-content\/uploads\/2024\/05\/71rKS8NXdtL-90x90.jpg 90w, https:\/\/salamshopping.com\/wp-content\/uploads\/2024\/05\/71rKS8NXdtL-100x100.jpg 100w, https:\/\/salamshopping.com\/wp-content\/uploads\/2024\/05\/71rKS8NXdtL-690x690.jpg 690w, https:\/\/salamshopping.com\/wp-content\/uploads\/2024\/05\/71rKS8NXdtL-160x160.jpg 160w, https:\/\/salamshopping.com\/wp-content\/uploads\/2024\/05\/71rKS8NXdtL.jpg 1521w\" sizes=\"(max-width: 428px) 100vw, 428px\" \/><\/p>\n","protected":false},"excerpt":{"rendered":"<p>&nbsp;<\/p>\n","protected":false},"featured_media":1304,"template":"","meta":{"om_disable_all_campaigns":false},"product_brand":[],"product_cat":[15],"product_tag":[],"class_list":{"0":"post-1299","1":"product","2":"type-product","3":"status-publish","4":"has-post-thumbnail","6":"product_cat-uncategorized","8":"first","9":"instock","10":"sale","11":"taxable","12":"shipping-taxable","13":"purchasable","14":"product-type-simple"},"aioseo_notices":[],"jetpack_sharing_enabled":true,"_links":{"self":[{"href":"https:\/\/salamshopping.com\/index.php\/wp-json\/wp\/v2\/product\/1299","targetHints":{"allow":["GET"]}}],"collection":[{"href":"https:\/\/salamshopping.com\/index.php\/wp-json\/wp\/v2\/product"}],"about":[{"href":"https:\/\/salamshopping.com\/index.php\/wp-json\/wp\/v2\/types\/product"}],"version-history":[{"count":2,"href":"https:\/\/salamshopping.com\/index.php\/wp-json\/wp\/v2\/product\/1299\/revisions"}],"predecessor-version":[{"id":1306,"href":"https:\/\/salamshopping.com\/index.php\/wp-json\/wp\/v2\/product\/1299\/revisions\/1306"}],"wp:featuredmedia":[{"embeddable":true,"href":"https:\/\/salamshopping.com\/index.php\/wp-json\/wp\/v2\/media\/1304"}],"wp:attachment":[{"href":"https:\/\/salamshopping.com\/index.php\/wp-json\/wp\/v2\/media?parent=1299"}],"wp:term":[{"taxonomy":"product_brand","embeddable":true,"href":"https:\/\/salamshopping.com\/index.php\/wp-json\/wp\/v2\/product_brand?post=1299"},{"taxonomy":"product_cat","embeddable":true,"href":"https:\/\/salamshopping.com\/index.php\/wp-json\/wp\/v2\/product_cat?post=1299"},{"taxonomy":"product_tag","embeddable":true,"href":"https:\/\/salamshopping.com\/index.php\/wp-json\/wp\/v2\/product_tag?post=1299"}],"curies":[{"name":"wp","href":"https:\/\/api.w.org\/{rel}","templated":true}]}}